{"id":245,"date":"2024-06-19T06:00:44","date_gmt":"2024-06-19T06:00:44","guid":{"rendered":"https:\/\/old.julianasenra.com\/?page_id=245"},"modified":"2025-01-11T01:44:12","modified_gmt":"2025-01-11T01:44:12","slug":"about","status":"publish","type":"page","link":"https:\/\/old.julianasenra.com\/pt\/about\/","title":{"rendered":"Sobre"},"content":{"rendered":"<div data-elementor-type=\"wp-page\" data-elementor-id=\"245\" class=\"elementor elementor-245\" data-elementor-post-type=\"page\">\n\t\t\t\t<div class=\"elementor-element elementor-element-07d55ad e-flex e-con-boxed e-con e-parent\" data-id=\"07d55ad\" data-element_type=\"container\" data-e-type=\"container\" data-settings=\"{&quot;background_background&quot;:&quot;classic&quot;}\">\n\t\t\t\t\t<div class=\"e-con-inner\">\n\t\t<div class=\"elementor-element elementor-element-03ddd59 e-con-full e-flex e-con e-child\" data-id=\"03ddd59\" data-element_type=\"container\" data-e-type=\"container\">\n\t\t\t\t<div class=\"elementor-element elementor-element-4ed825f elementor-widget elementor-widget-image\" data-id=\"4ed825f\" data-element_type=\"widget\" data-e-type=\"widget\" data-widget_type=\"image.default\">\n\t\t\t\t<div class=\"elementor-widget-container\">\n\t\t\t\t\t\t\t\t\t\t\t\t\t\t\t<img decoding=\"async\" width=\"150\" height=\"150\" src=\"https:\/\/old.julianasenra.com\/wp-content\/uploads\/2024\/06\/footer-avatar-150x150.webp\" class=\"attachment-thumbnail size-thumbnail wp-image-34\" alt=\"Juliana Senra Avatar\" \/>\t\t\t\t\t\t\t\t\t\t\t\t\t\t\t<\/div>\n\t\t\t\t<\/div>\n\t\t<div class=\"elementor-element elementor-element-e3f85a3 e-con-full e-flex e-con e-child\" data-id=\"e3f85a3\" data-element_type=\"container\" data-e-type=\"container\">\n\t\t\t\t<div class=\"elementor-element elementor-element-a6e2b4b elementor-widget elementor-widget-text-editor\" data-id=\"a6e2b4b\" data-element_type=\"widget\" data-e-type=\"widget\" data-widget_type=\"text-editor.default\">\n\t\t\t\t<div class=\"elementor-widget-container\">\n\t\t\t\t\t\t\t\t\t<p><strong>Main Skills:<br \/><\/strong>Product Design \u2022 UX\/UI \u2022 Design System \u2022 Design Ops \u2022 Graphic Design \u2022 Art Direction<\/p><p>Solu\u00e7\u00e3o de problemas complexos \u2022 Din\u00e2mica e cocria\u00e7\u00e3o \u2022 Conceitualiza\u00e7\u00e3o \u2022 Ideias estrat\u00e9gicas e criativas \u2022 Lideran\u00e7a \u2022 Mentoria<\/p><p><strong>Ferramentas:<i><br \/><\/i><\/strong>Figma \u2022 WordPress \u2022 HubSpot Hotjar \u2022 Google Analytics \u2022 Adobe Photoshop, Illustrator, Indesign and After Effects \u2022 Maze \u2022 Midjourney \u2022 Miro<\/p>\t\t\t\t\t\t\t\t<\/div>\n\t\t\t\t<\/div>\n\t\t\t\t<\/div>\n\t\t\t\t<\/div>\n\t\t<div class=\"elementor-element elementor-element-45c30e8 e-con-full e-flex e-con e-child\" data-id=\"45c30e8\" data-element_type=\"container\" data-e-type=\"container\">\n\t\t\t\t<div class=\"elementor-element elementor-element-32f1a6e elementor-widget elementor-widget-heading\" data-id=\"32f1a6e\" data-element_type=\"widget\" data-e-type=\"widget\" data-widget_type=\"heading.default\">\n\t\t\t\t<div class=\"elementor-widget-container\">\n\t\t\t\t\t<h2 class=\"elementor-heading-title elementor-size-default\">O que eu fa\u00e7o?<\/h2>\t\t\t\t<\/div>\n\t\t\t\t<\/div>\n\t\t\t\t<div class=\"elementor-element elementor-element-76283e1 elementor-widget elementor-widget-text-editor\" data-id=\"76283e1\" data-element_type=\"widget\" data-e-type=\"widget\" data-widget_type=\"text-editor.default\">\n\t\t\t\t<div class=\"elementor-widget-container\">\n\t\t\t\t\t\t\t\t\t<p>Transformo vis\u00f5es complexas em realidades tang\u00edveis.<\/p>\t\t\t\t\t\t\t\t<\/div>\n\t\t\t\t<\/div>\n\t\t\t\t<div class=\"elementor-element elementor-element-dd10bc0 elementor-widget__width-initial elementor-widget elementor-widget-text-editor\" data-id=\"dd10bc0\" data-element_type=\"widget\" data-e-type=\"widget\" data-widget_type=\"text-editor.default\">\n\t\t\t\t<div class=\"elementor-widget-container\">\n\t\t\t\t\t\t\t\t\t<p class=\"p1\">Minha jornada pessoal e profissional \u00e9 tecida com um fio de experi\u00eancias que trago para cada projeto. Design \u00e9 comunica\u00e7\u00e3o. Meu trabalho \u00e9 sobre resolver problemas, promover conex\u00f5es significativas, intuitivas, e contar hist\u00f3rias.<\/p><p>Sou Brasileira, de Caratinga, Minas Gerais. Minha carreira me levou para Belo Horizonte, Rio de Janeiro, S\u00e3o Paulo e Bogot\u00e1. Em cada nova cidade, absorvi culturas, desafios e insights. Me comunico em portugu\u00eas, espanhol e ingl\u00eas, o que da ainda mais capacidade de adapta\u00e7\u00e3o \u00e0 minha perspectiva multicultural. Ao mesmo tempo, meu sotaque preservado serve como um lembrete das minhas ra\u00edzes e da for\u00e7a de minha identidade.<\/p><p class=\"p1\">Combinando processos criativos e estrat\u00e9gicos, transformo ideias complexas em produtos digitais com interfaces intuitivas e experi\u00eancias eficazes. Lidero projetos e equipes, implemento design systems completos e oriento designers no aprimoramento de suas habilidades. Al\u00e9m disso, conto hist\u00f3rias incr\u00edveis por meio de dire\u00e7\u00e3o de arte, design gr\u00e1fico, identidade visual e branding.<\/p><p class=\"p1\">Acredito nas pessoas e foco em entende-las para criar melhores solu\u00e7\u00f5es estrat\u00e9gicas e criativas. Com uma abordagem que \u00e9 ao mesmo tempo t\u00e9cnica e emp\u00e1tica, ofere\u00e7o uma nova dimens\u00e3o de inova\u00e7\u00e3o a cada desafio.<\/p>\t\t\t\t\t\t\t\t<\/div>\n\t\t\t\t<\/div>\n\t\t\t\t<\/div>\n\t\t\t\t\t<\/div>\n\t\t\t\t<\/div>\n\t\t\t\t<\/div>","protected":false},"excerpt":{"rendered":"<p>Main Skills:Product Design \u2022 UX\/UI \u2022 Design System \u2022 Design Ops \u2022 Graphic Design \u2022 Art Direction Complex Problem Solving \u2022 Dynamics and Co-creation \u2022 Conceptualization \u2022 Strategic and Creative Ideas \u2022 Leadership \u2022 Mentoring Tools:Figma \u2022 WordPress \u2022 HubSpot Hotjar \u2022 Google Analytics \u2022 Adobe Photoshop, Illustrator, Indesign and After Effects \u2022 Maze \u2022 [&hellip;]<\/p>\n","protected":false},"author":1,"featured_media":0,"parent":0,"menu_order":0,"comment_status":"closed","ping_status":"closed","template":"","meta":{"_acf_changed":false,"footnotes":""},"class_list":["post-245","page","type-page","status-publish","hentry"],"acf":[],"_links":{"self":[{"href":"https:\/\/old.julianasenra.com\/pt\/wp-json\/wp\/v2\/pages\/245","targetHints":{"allow":["GET"]}}],"collection":[{"href":"https:\/\/old.julianasenra.com\/pt\/wp-json\/wp\/v2\/pages"}],"about":[{"href":"https:\/\/old.julianasenra.com\/pt\/wp-json\/wp\/v2\/types\/page"}],"author":[{"embeddable":true,"href":"https:\/\/old.julianasenra.com\/pt\/wp-json\/wp\/v2\/users\/1"}],"replies":[{"embeddable":true,"href":"https:\/\/old.julianasenra.com\/pt\/wp-json\/wp\/v2\/comments?post=245"}],"version-history":[{"count":270,"href":"https:\/\/old.julianasenra.com\/pt\/wp-json\/wp\/v2\/pages\/245\/revisions"}],"predecessor-version":[{"id":3606,"href":"https:\/\/old.julianasenra.com\/pt\/wp-json\/wp\/v2\/pages\/245\/revisions\/3606"}],"wp:attachment":[{"href":"https:\/\/old.julianasenra.com\/pt\/wp-json\/wp\/v2\/media?parent=245"}],"curies":[{"name":"wp","href":"https:\/\/api.w.org\/{rel}","templated":true}]}}